{"id":8,"date":"2022-03-03T19:46:12","date_gmt":"2022-03-03T19:46:12","guid":{"rendered":"http:\/\/localhost:8888\/iim\/?page_id=5"},"modified":"2022-03-23T16:23:46","modified_gmt":"2022-03-23T16:23:46","slug":"inicio","status":"publish","type":"page","link":"https:\/\/www.4uic.mx\/iim\/","title":{"rendered":"Instituto Intercontinental de Misionolog\u00eda"},"content":{"rendered":"\n<h3>Nuestra Historia<\/h3>\n\n\n\n<p><\/p>\n\n\n\n<p>La historia del IIM ha contado con gente que ha aportado grandes cosas a nuestros programas acad\u00e9micos. En el pasado reciente, tenemos al P. David Uribe, Director Divisional; y, tambi\u00e9n, el Mtro. Jose Luis Franco, Director de la Licenciatura en Teolog\u00eda.<\/p>\n\n\n\n<div class=\"wp-block-columns\">\n<div class=\"wp-block-column\">\n<figure class=\"wp-block-image size-full\"><a href=\"https:\/\/www.4uic.mx\/iim\/colegio-de-estudios-guadalupanos\/\"><img loading=\"lazy\" width=\"450\" height=\"250\" src=\"https:\/\/www.4uic.mx\/iim\/files\/2022\/03\/coleg-1.jpg\" alt=\"\" class=\"wp-image-337\" srcset=\"https:\/\/www.4uic.mx\/iim\/files\/2022\/03\/coleg-1.jpg 450w, https:\/\/www.4uic.mx\/iim\/files\/2022\/03\/coleg-1-300x167.jpg 300w\" sizes=\"(max-width: 450px) 100vw, 450px\" \/><\/a><\/figure>\n\n\n\n<h4>Colegio de Estudios Guadalupanos (COLEG)<\/h4>\n<\/div>\n\n\n\n<div class=\"wp-block-column\">\n<figure class=\"wp-block-image size-full\"><a href=\"https:\/\/www.4uic.mx\/iim\/observatorio-intercontinental-de-la-religiosidad-popular\/\"><img loading=\"lazy\" width=\"450\" height=\"250\" src=\"https:\/\/www.4uic.mx\/iim\/files\/2022\/03\/orp.jpg\" alt=\"\" class=\"wp-image-336\" srcset=\"https:\/\/www.4uic.mx\/iim\/files\/2022\/03\/orp.jpg 450w, https:\/\/www.4uic.mx\/iim\/files\/2022\/03\/orp-300x167.jpg 300w\" sizes=\"(max-width: 450px) 100vw, 450px\" \/><\/a><\/figure>\n\n\n\n<h4>Observatorio de Religiosidad Popular (ORP)<\/h4>\n<\/div>\n<\/div>\n\n\n\n<h3>Comunidad UIC<\/h3>\n\n\n\n<p>Lorem ipsum dolor sit amet consectetur adipisicing elit. Reiciendis qui ipsam, recusandae repudiandae tempore magnam quaerat et delectus praesentium non sapiente beatae dicta numquam expedita, velit illo necessitatibus! Unde, repellat.<\/p>\n\n\n\n<div class=\"wp-block-columns\">\n<div class=\"wp-block-column\">\n<div class=\"wp-block-cover has-background-dim\"><img loading=\"lazy\" width=\"400\" height=\"250\" class=\"wp-block-cover__image-background wp-image-190\" alt=\"\" src=\"https:\/\/www.4uic.mx\/iim\/files\/2022\/03\/misionologia.jpg\" data-object-fit=\"cover\" srcset=\"https:\/\/www.4uic.mx\/iim\/files\/2022\/03\/misionologia.jpg 400w, https:\/\/www.4uic.mx\/iim\/files\/2022\/03\/misionologia-300x188.jpg 300w\" sizes=\"(max-width: 400px) 100vw, 400px\" \/><div class=\"wp-block-cover__inner-container\">\n<p class=\"has-text-align-center has-large-font-size\">Misionolog\u00eda<\/p>\n\n\n\n<ul><li>Actividades<\/li><li>Documentos<\/li><li>Podcast<\/li><\/ul>\n\n\n\n<p><\/p>\n<\/div><\/div>\n<\/div>\n\n\n\n<div class=\"wp-block-column\">\n<div class=\"wp-block-cover has-background-dim\"><img loading=\"lazy\" width=\"400\" height=\"250\" class=\"wp-block-cover__image-background wp-image-191\" alt=\"\" src=\"https:\/\/www.4uic.mx\/iim\/files\/2022\/03\/mfcc.jpg\" data-object-fit=\"cover\" srcset=\"https:\/\/www.4uic.mx\/iim\/files\/2022\/03\/mfcc.jpg 400w, https:\/\/www.4uic.mx\/iim\/files\/2022\/03\/mfcc-300x188.jpg 300w\" sizes=\"(max-width: 400px) 100vw, 400px\" \/><div class=\"wp-block-cover__inner-container\">\n<p class=\"has-text-align-center has-large-font-size\">Cr\u00edtica de la Cultura<\/p>\n\n\n\n<ul><li><meta charset=\"utf-8\">Actividades<\/li><li>Documentos<\/li><li>Podcast<\/li><\/ul>\n<\/div><\/div>\n<\/div>\n<\/div>\n\n\n\n<div class=\"wp-block-columns\">\n<div class=\"wp-block-column\">\n<div class=\"wp-block-cover has-background-dim\"><img loading=\"lazy\" width=\"400\" height=\"250\" class=\"wp-block-cover__image-background wp-image-192\" alt=\"\" src=\"https:\/\/www.4uic.mx\/iim\/files\/2022\/03\/teologia.jpg\" data-object-fit=\"cover\" srcset=\"https:\/\/www.4uic.mx\/iim\/files\/2022\/03\/teologia.jpg 400w, https:\/\/www.4uic.mx\/iim\/files\/2022\/03\/teologia-300x188.jpg 300w\" sizes=\"(max-width: 400px) 100vw, 400px\" \/><div class=\"wp-block-cover__inner-container\">\n<p class=\"has-text-align-center has-large-font-size\">Teolog\u00eda<\/p>\n\n\n\n<ul><li>Actividades<\/li><li>Documentos<\/li><li>Podcast<\/li><\/ul>\n<\/div><\/div>\n<\/div>\n\n\n\n<div class=\"wp-block-column\">\n<div class=\"wp-block-cover has-background-dim\"><img loading=\"lazy\" width=\"400\" height=\"250\" class=\"wp-block-cover__image-background wp-image-193\" alt=\"\" src=\"https:\/\/www.4uic.mx\/iim\/files\/2022\/03\/filosofia.jpg\" data-object-fit=\"cover\" srcset=\"https:\/\/www.4uic.mx\/iim\/files\/2022\/03\/filosofia.jpg 400w, https:\/\/www.4uic.mx\/iim\/files\/2022\/03\/filosofia-300x188.jpg 300w\" sizes=\"(max-width: 400px) 100vw, 400px\" \/><div class=\"wp-block-cover__inner-container\">\n<p class=\"has-text-align-center has-large-font-size\">Filosof\u00eda<\/p>\n\n\n\n<ul><li><meta charset=\"utf-8\">Actividades<\/li><li>Documentos<\/li><li>Podcast<\/li><\/ul>\n<\/div><\/div>\n<\/div>\n<\/div>\n\n\n\n<div style=\"height:40px\" aria-hidden=\"true\" class=\"wp-block-spacer\"><\/div>\n\n\n\n<div style=\"height:40px\" aria-hidden=\"true\" class=\"wp-block-spacer\"><\/div>\n\n\n\n<h3>Revistas<\/h3>\n\n\n\n<p>Lorem ipsum dolor sit amet consectetur adipisicing elit. Reiciendis qui ipsam, recusandae repudiandae tempore magnam quaerat et delectus praesentium non sapiente beatae dicta numquam expedita, velit illo necessitatibus! Unde, repellat.<\/p>\n\n\n\n<div style=\"height:50px\" aria-hidden=\"true\" class=\"wp-block-spacer\"><\/div>\n\n\n\n<div class=\"wp-block-columns\">\n<div class=\"wp-block-column\" style=\"flex-basis:33.33%\">\n<figure class=\"wp-block-image size-full\"><img loading=\"lazy\" width=\"200\" height=\"300\" src=\"https:\/\/www.4uic.mx\/iim\/files\/2022\/03\/voces52.jpg\" alt=\"\" class=\"wp-image-68\"\/><\/figure>\n<\/div>\n\n\n\n<div class=\"wp-block-column\" style=\"flex-basis:66.66%\">\n<h4>Voces<\/h4>\n\n\n\n<p>Revista semestral que recoge trabajos de investigadores, docentes y estudiantes dedicados al quehacer teol\u00f3gico y tambi\u00e9n de quienes ejercen en el campo la actividad misionera, que ha inspirado y sostenido los ideales de la Universidad Intercontinental desde sus inicios.<\/p>\n\n\n\n<div class=\"wp-block-buttons\">\n<div class=\"wp-block-button has-custom-width wp-block-button__width-50 has-custom-font-size has-small-font-size\"><a class=\"wp-block-button__link has-background no-border-radius\" href=\"https:\/\/www.scribd.com\/user\/377559734\/Revista-Voces-Universidad-Intercontinental\/uploads\" style=\"background-color:#046530\" target=\"_blank\" rel=\"noreferrer noopener\">CONOCE M\u00c1S<\/a><\/div>\n<\/div>\n<\/div>\n<\/div>\n\n\n\n<div class=\"wp-block-columns\">\n<div class=\"wp-block-column\" style=\"flex-basis:33.33%\">\n<figure class=\"wp-block-image size-full\"><img loading=\"lazy\" width=\"200\" height=\"300\" src=\"https:\/\/www.4uic.mx\/iim\/files\/2022\/03\/intersticios.jpg\" alt=\"\" class=\"wp-image-72\"\/><\/figure>\n<\/div>\n\n\n\n<div class=\"wp-block-column\" style=\"flex-basis:66.66%\">\n<h4>Intersticios. Filosof\u00eda, Arte, Religi\u00f3n<\/h4>\n\n\n\n<p>Revista semestral de filosof\u00eda, cuyas p\u00e1ginas constituyen un espacio abierto a la reflexi\u00f3n y a la creaci\u00f3n de nuevas vertientes de discusi\u00f3n. Autores de todo el mundo han analizado tanto la problem\u00e1tica contempor\u00e1nea como los temas correspondientes a la tradici\u00f3n filos\u00f3fica.<\/p>\n\n\n\n<div class=\"wp-block-buttons\">\n<div class=\"wp-block-button has-custom-width wp-block-button__width-50 has-custom-font-size has-small-font-size\"><a class=\"wp-block-button__link has-background no-border-radius\" href=\"https:\/\/www.scribd.com\/lists\/2938401\/Intersticios\" style=\"background-color:#046530\" target=\"_blank\" rel=\"noreferrer noopener\">CONOCE M\u00c1S<\/a><\/div>\n<\/div>\n<\/div>\n<\/div>\n\n\n\n<div style=\"height:50px\" aria-hidden=\"true\" class=\"wp-block-spacer\"><\/div>\n\n\n\n<p><\/p>\n","protected":false},"excerpt":{"rendered":"<p>En un comunicado de Rector\u00eda, del 27 de junio de 2017 \u201cse crea el Instituto Intercontinental de Misionolog\u00eda a nivel de Direcci\u00f3n Divisional, bajo la responsabilidad del Pbro. David Uribe Garc\u00eda MG. En esta Direcci\u00f3n se concentrar\u00e1n los estudios de Teolog\u00eda, Filosof\u00eda y Misionolog\u00eda en todos sus niveles y modalidades. Como Director de Gesti\u00f3n Educativa, dependiente de esta Direcci\u00f3n Divisional, se ha designado al Mtro. Jes\u00fas Valle Torres\u201d.<\/p>\n","protected":false},"author":86,"featured_media":0,"parent":0,"menu_order":0,"comment_status":"closed","ping_status":"closed","template":"","meta":[],"_links":{"self":[{"href":"https:\/\/www.4uic.mx\/iim\/wp-json\/wp\/v2\/pages\/8"}],"collection":[{"href":"https:\/\/www.4uic.mx\/iim\/wp-json\/wp\/v2\/pages"}],"about":[{"href":"https:\/\/www.4uic.mx\/iim\/wp-json\/wp\/v2\/types\/page"}],"author":[{"embeddable":true,"href":"https:\/\/www.4uic.mx\/iim\/wp-json\/wp\/v2\/users\/86"}],"replies":[{"embeddable":true,"href":"https:\/\/www.4uic.mx\/iim\/wp-json\/wp\/v2\/comments?post=8"}],"version-history":[{"count":26,"href":"https:\/\/www.4uic.mx\/iim\/wp-json\/wp\/v2\/pages\/8\/revisions"}],"predecessor-version":[{"id":534,"href":"https:\/\/www.4uic.mx\/iim\/wp-json\/wp\/v2\/pages\/8\/revisions\/534"}],"wp:attachment":[{"href":"https:\/\/www.4uic.mx\/iim\/wp-json\/wp\/v2\/media?parent=8"}],"curies":[{"name":"wp","href":"https:\/\/api.w.org\/{rel}","templated":true}]}}