{"id":94,"date":"2022-03-07T19:23:54","date_gmt":"2022-03-07T19:23:54","guid":{"rendered":"https:\/\/www.4uic.mx\/iim\/?page_id=94"},"modified":"2022-03-09T18:49:12","modified_gmt":"2022-03-09T18:49:12","slug":"misiones","status":"publish","type":"page","link":"https:\/\/www.4uic.mx\/iim\/misiones\/","title":{"rendered":"Misiones"},"content":{"rendered":"\n<h2 id=\"h.c3dyxf7aamod_l\">Misioneros de Guadalupe<\/h2>\n\n\n\n<figure class=\"wp-block-image size-full\"><img loading=\"lazy\" width=\"404\" height=\"193\" src=\"https:\/\/www.4uic.mx\/iim\/files\/2022\/03\/misioneros-de-guadalupe.png\" alt=\"\" class=\"wp-image-276\" srcset=\"https:\/\/www.4uic.mx\/iim\/files\/2022\/03\/misioneros-de-guadalupe.png 404w, https:\/\/www.4uic.mx\/iim\/files\/2022\/03\/misioneros-de-guadalupe-300x143.png 300w\" sizes=\"(max-width: 404px) 100vw, 404px\" \/><\/figure>\n\n\n\n<p><strong>UIC: Universidad Misionera<\/strong><\/p>\n\n\n\n<p>\u00bfPor qu\u00e9 empez\u00f3 este proyecto? Cuenta a los lectores m\u00e1s detalles sobre la historia del proyecto, las personas que estaban involucradas y el objetivo que tu equipo pretende conseguir.<\/p>\n\n\n\n<figure class=\"wp-block-image size-full\"><img loading=\"lazy\" width=\"949\" height=\"503\" src=\"https:\/\/www.4uic.mx\/iim\/files\/2022\/03\/image.jpg\" alt=\"\" class=\"wp-image-277\" srcset=\"https:\/\/www.4uic.mx\/iim\/files\/2022\/03\/image.jpg 949w, https:\/\/www.4uic.mx\/iim\/files\/2022\/03\/image-300x159.jpg 300w, https:\/\/www.4uic.mx\/iim\/files\/2022\/03\/image-768x407.jpg 768w\" sizes=\"(max-width: 949px) 100vw, 949px\" \/><\/figure>\n\n\n\n<p><strong>COREMAG<\/strong><\/p>\n\n\n\n<p>\u00bfQu\u00e9 impacto est\u00e1 teniendo tu proyecto? Explica c\u00f3mo est\u00e1 influyendo tu producto, servicio o iniciativa en la vida de las personas.<\/p>\n","protected":false},"excerpt":{"rendered":"<p>Misioneros de Guadalupe UIC: Universidad Misionera \u00bfPor qu\u00e9 empez\u00f3 este proyecto? Cuenta a los lectores m\u00e1s detalles sobre la historia del proyecto, las personas que estaban involucradas y el objetivo que tu equipo pretende conseguir. COREMAG \u00bfQu\u00e9 impacto est\u00e1 teniendo tu proyecto? Explica c\u00f3mo est\u00e1 influyendo tu producto, servicio o iniciativa en la vida de [&hellip;]<\/p>\n","protected":false},"author":86,"featured_media":0,"parent":0,"menu_order":0,"comment_status":"closed","ping_status":"closed","template":"","meta":[],"_links":{"self":[{"href":"https:\/\/www.4uic.mx\/iim\/wp-json\/wp\/v2\/pages\/94"}],"collection":[{"href":"https:\/\/www.4uic.mx\/iim\/wp-json\/wp\/v2\/pages"}],"about":[{"href":"https:\/\/www.4uic.mx\/iim\/wp-json\/wp\/v2\/types\/page"}],"author":[{"embeddable":true,"href":"https:\/\/www.4uic.mx\/iim\/wp-json\/wp\/v2\/users\/86"}],"replies":[{"embeddable":true,"href":"https:\/\/www.4uic.mx\/iim\/wp-json\/wp\/v2\/comments?post=94"}],"version-history":[{"count":2,"href":"https:\/\/www.4uic.mx\/iim\/wp-json\/wp\/v2\/pages\/94\/revisions"}],"predecessor-version":[{"id":278,"href":"https:\/\/www.4uic.mx\/iim\/wp-json\/wp\/v2\/pages\/94\/revisions\/278"}],"wp:attachment":[{"href":"https:\/\/www.4uic.mx\/iim\/wp-json\/wp\/v2\/media?parent=94"}],"curies":[{"name":"wp","href":"https:\/\/api.w.org\/{rel}","templated":true}]}}