{"id":96,"date":"2022-03-07T19:25:37","date_gmt":"2022-03-07T19:25:37","guid":{"rendered":"https:\/\/www.4uic.mx\/iim\/?page_id=96"},"modified":"2022-03-14T22:05:26","modified_gmt":"2022-03-14T22:05:26","slug":"revistas","status":"publish","type":"page","link":"https:\/\/www.4uic.mx\/iim\/revistas\/","title":{"rendered":"Revistas"},"content":{"rendered":"\n<div class=\"wp-block-columns\">\n<div class=\"wp-block-column\" style=\"flex-basis:33.33%\">\n<figure class=\"wp-block-image size-full\"><img loading=\"lazy\" width=\"200\" height=\"300\" src=\"https:\/\/www.4uic.mx\/iim\/files\/2022\/03\/voces52.jpg\" alt=\"\" class=\"wp-image-68\"\/><\/figure>\n<\/div>\n\n\n\n<div class=\"wp-block-column\" style=\"flex-basis:66.66%\">\n<h2>Voces<\/h2>\n\n\n\n<p>Revista semestral que recoge trabajos de investigadores, docentes y estudiantes dedicados al quehacer teol\u00f3gico y tambi\u00e9n de quienes ejercen en el campo la actividad misionera, que ha inspirado y sostenido los ideales de la Universidad Intercontinental desde sus inicios.<\/p>\n\n\n\n<div class=\"wp-block-buttons\">\n<div class=\"wp-block-button\"><a class=\"wp-block-button__link has-white-color has-text-color has-background no-border-radius\" href=\"https:\/\/www.scribd.com\/user\/377559734\/Revista-Voces-Universidad-Intercontinental\/uploads\" style=\"background-color:#046530\" target=\"_blank\" rel=\"noreferrer noopener\">Conoce m\u00e1s<\/a><\/div>\n<\/div>\n<\/div>\n<\/div>\n\n\n\n<div class=\"wp-block-columns\">\n<div class=\"wp-block-column\" style=\"flex-basis:33.33%\">\n<figure class=\"wp-block-image size-full\"><img loading=\"lazy\" width=\"200\" height=\"300\" src=\"https:\/\/www.4uic.mx\/iim\/files\/2022\/03\/intersticios.jpg\" alt=\"\" class=\"wp-image-72\"\/><\/figure>\n<\/div>\n\n\n\n<div class=\"wp-block-column\" style=\"flex-basis:66.66%\">\n<h2>Intersticios<\/h2>\n\n\n\n<p>Revista semestral de filosof\u00eda, cuyas p\u00e1ginas constituyen un espacio abierto a la reflexi\u00f3n y a la creaci\u00f3n de nuevas vertientes de discusi\u00f3n. Autores de todo el mundo han analizado tanto la problem\u00e1tica contempor\u00e1nea como los temas correspondientes a la tradici\u00f3n filos\u00f3fica.<\/p>\n\n\n\n<div class=\"wp-block-buttons\">\n<div class=\"wp-block-button\"><a class=\"wp-block-button__link has-white-color has-text-color has-background no-border-radius\" href=\"https:\/\/www.scribd.com\/lists\/2938401\/Intersticios\" style=\"background-color:#046530\" target=\"_blank\" rel=\"noreferrer noopener\">Conoce M\u00e1s<\/a><\/div>\n<\/div>\n<\/div>\n<\/div>\n","protected":false},"excerpt":{"rendered":"<p>Voces Revista semestral que recoge trabajos de investigadores, docentes y estudiantes dedicados al quehacer teol\u00f3gico y tambi\u00e9n de quienes ejercen en el campo la actividad misionera, que ha inspirado y sostenido los ideales de la Universidad Intercontinental desde sus inicios. Intersticios Revista semestral de filosof\u00eda, cuyas p\u00e1ginas constituyen un espacio abierto a la reflexi\u00f3n y [&hellip;]<\/p>\n","protected":false},"author":86,"featured_media":0,"parent":0,"menu_order":0,"comment_status":"closed","ping_status":"closed","template":"","meta":[],"_links":{"self":[{"href":"https:\/\/www.4uic.mx\/iim\/wp-json\/wp\/v2\/pages\/96"}],"collection":[{"href":"https:\/\/www.4uic.mx\/iim\/wp-json\/wp\/v2\/pages"}],"about":[{"href":"https:\/\/www.4uic.mx\/iim\/wp-json\/wp\/v2\/types\/page"}],"author":[{"embeddable":true,"href":"https:\/\/www.4uic.mx\/iim\/wp-json\/wp\/v2\/users\/86"}],"replies":[{"embeddable":true,"href":"https:\/\/www.4uic.mx\/iim\/wp-json\/wp\/v2\/comments?post=96"}],"version-history":[{"count":13,"href":"https:\/\/www.4uic.mx\/iim\/wp-json\/wp\/v2\/pages\/96\/revisions"}],"predecessor-version":[{"id":442,"href":"https:\/\/www.4uic.mx\/iim\/wp-json\/wp\/v2\/pages\/96\/revisions\/442"}],"wp:attachment":[{"href":"https:\/\/www.4uic.mx\/iim\/wp-json\/wp\/v2\/media?parent=96"}],"curies":[{"name":"wp","href":"https:\/\/api.w.org\/{rel}","templated":true}]}}